{"id":36631,"date":"2025-03-20T23:27:04","date_gmt":"2025-03-20T23:27:04","guid":{"rendered":"https:\/\/zerintia.com\/?page_id=36631"},"modified":"2025-03-20T23:27:04","modified_gmt":"2025-03-20T23:27:04","slug":"news-2","status":"publish","type":"page","link":"https:\/\/zerintia.com\/en\/news-2\/","title":{"rendered":"News"},"content":{"rendered":"","protected":false},"excerpt":{"rendered":"","protected":false},"author":1,"featured_media":0,"parent":0,"menu_order":0,"comment_status":"closed","ping_status":"closed","template":"","meta":{"footnotes":""},"class_list":["post-36631","page","type-page","status-publish","hentry"],"yoast_head":"<!-- This site is optimized with the Yoast SEO plugin v26.6 - https:\/\/yoast.com\/wordpress\/plugins\/seo\/ -->\n<title>News - Zerintia Technologies<\/title>\n<meta name=\"robots\" content=\"index, follow, max-snippet:-1, max-image-preview:large, max-video-preview:-1\" \/>\n<link rel=\"canonical\" href=\"https:\/\/zerintia.com\/en\/news-2\/\" \/>\n<meta property=\"og:locale\" content=\"en_US\" \/>\n<meta property=\"og:type\" content=\"article\" \/>\n<meta property=\"og:title\" content=\"News - Zerintia Technologies\" \/>\n<meta property=\"og:url\" content=\"https:\/\/zerintia.com\/en\/news-2\/\" \/>\n<meta property=\"og:site_name\" content=\"Zerintia Technologies\" \/>\n<meta property=\"og:image\" content=\"https:\/\/zerintia.com\/wp-content\/uploads\/2020\/04\/realidad-aumentada.jpg\" \/>\n\t<meta property=\"og:image:width\" content=\"1140\" \/>\n\t<meta property=\"og:image:height\" content=\"600\" \/>\n\t<meta property=\"og:image:type\" content=\"image\/jpeg\" \/>\n<meta name=\"twitter:card\" content=\"summary_large_image\" \/>\n<meta name=\"twitter:site\" content=\"@zerintiatech\" \/>\n<meta name=\"twitter:label1\" content=\"Est. reading time\" \/>\n\t<meta name=\"twitter:data1\" content=\"1 minute\" \/>\n<script type=\"application\/ld+json\" class=\"yoast-schema-graph\">{\"@context\":\"https:\/\/schema.org\",\"@graph\":[{\"@type\":\"WebPage\",\"@id\":\"https:\/\/zerintia.com\/en\/news-2\/\",\"url\":\"https:\/\/zerintia.com\/en\/news-2\/\",\"name\":\"News - Zerintia Technologies\",\"isPartOf\":{\"@id\":\"https:\/\/zerintia.com\/#website\"},\"datePublished\":\"2025-03-20T23:27:04+00:00\",\"breadcrumb\":{\"@id\":\"https:\/\/zerintia.com\/en\/news-2\/#breadcrumb\"},\"inLanguage\":\"en-US\",\"potentialAction\":[{\"@type\":\"ReadAction\",\"target\":[\"https:\/\/zerintia.com\/en\/news-2\/\"]}]},{\"@type\":\"BreadcrumbList\",\"@id\":\"https:\/\/zerintia.com\/en\/news-2\/#breadcrumb\",\"itemListElement\":[{\"@type\":\"ListItem\",\"position\":1,\"name\":\"Portada\",\"item\":\"https:\/\/zerintia.com\/en\/\"},{\"@type\":\"ListItem\",\"position\":2,\"name\":\"News\"}]},{\"@type\":\"WebSite\",\"@id\":\"https:\/\/zerintia.com\/#website\",\"url\":\"https:\/\/zerintia.com\/\",\"name\":\"Zerintia Technologies\",\"description\":\"Digitalizaci\u00f3n. Soluciones Software. Wearables, IoT, Realidad Aumentada y personas, todo en una \u00fanica plataforma tecnol\u00f3gica para tu transformaci\u00f3n digital.\",\"publisher\":{\"@id\":\"https:\/\/zerintia.com\/#organization\"},\"potentialAction\":[{\"@type\":\"SearchAction\",\"target\":{\"@type\":\"EntryPoint\",\"urlTemplate\":\"https:\/\/zerintia.com\/?s={search_term_string}\"},\"query-input\":{\"@type\":\"PropertyValueSpecification\",\"valueRequired\":true,\"valueName\":\"search_term_string\"}}],\"inLanguage\":\"en-US\"},{\"@type\":\"Organization\",\"@id\":\"https:\/\/zerintia.com\/#organization\",\"name\":\"Zerintia Technologies\",\"url\":\"https:\/\/zerintia.com\/\",\"logo\":{\"@type\":\"ImageObject\",\"inLanguage\":\"en-US\",\"@id\":\"https:\/\/zerintia.com\/#\/schema\/logo\/image\/\",\"url\":\"https:\/\/zerintia.com\/wp-content\/uploads\/2023\/10\/favicon-zerintia.png\",\"contentUrl\":\"https:\/\/zerintia.com\/wp-content\/uploads\/2023\/10\/favicon-zerintia.png\",\"width\":512,\"height\":512,\"caption\":\"Zerintia Technologies\"},\"image\":{\"@id\":\"https:\/\/zerintia.com\/#\/schema\/logo\/image\/\"},\"sameAs\":[\"https:\/\/x.com\/zerintiatech\",\"https:\/\/www.linkedin.com\/company\/zerintia-technologies\/\",\"https:\/\/www.youtube.com\/zerintia\"]}]}<\/script>\n<!-- \/ Yoast SEO plugin. -->","yoast_head_json":{"title":"News - Zerintia Technologies","robots":{"index":"index","follow":"follow","max-snippet":"max-snippet:-1","max-image-preview":"max-image-preview:large","max-video-preview":"max-video-preview:-1"},"canonical":"https:\/\/zerintia.com\/en\/news-2\/","og_locale":"en_US","og_type":"article","og_title":"News - Zerintia Technologies","og_url":"https:\/\/zerintia.com\/en\/news-2\/","og_site_name":"Zerintia Technologies","og_image":[{"width":1140,"height":600,"url":"https:\/\/zerintia.com\/wp-content\/uploads\/2020\/04\/realidad-aumentada.jpg","type":"image\/jpeg"}],"twitter_card":"summary_large_image","twitter_site":"@zerintiatech","twitter_misc":{"Est. reading time":"1 minute"},"schema":{"@context":"https:\/\/schema.org","@graph":[{"@type":"WebPage","@id":"https:\/\/zerintia.com\/en\/news-2\/","url":"https:\/\/zerintia.com\/en\/news-2\/","name":"News - Zerintia Technologies","isPartOf":{"@id":"https:\/\/zerintia.com\/#website"},"datePublished":"2025-03-20T23:27:04+00:00","breadcrumb":{"@id":"https:\/\/zerintia.com\/en\/news-2\/#breadcrumb"},"inLanguage":"en-US","potentialAction":[{"@type":"ReadAction","target":["https:\/\/zerintia.com\/en\/news-2\/"]}]},{"@type":"BreadcrumbList","@id":"https:\/\/zerintia.com\/en\/news-2\/#breadcrumb","itemListElement":[{"@type":"ListItem","position":1,"name":"Portada","item":"https:\/\/zerintia.com\/en\/"},{"@type":"ListItem","position":2,"name":"News"}]},{"@type":"WebSite","@id":"https:\/\/zerintia.com\/#website","url":"https:\/\/zerintia.com\/","name":"Zerintia Technologies","description":"Digitalizaci\u00f3n. Soluciones Software. Wearables, IoT, Realidad Aumentada y personas, todo en una \u00fanica plataforma tecnol\u00f3gica para tu transformaci\u00f3n digital.","publisher":{"@id":"https:\/\/zerintia.com\/#organization"},"potentialAction":[{"@type":"SearchAction","target":{"@type":"EntryPoint","urlTemplate":"https:\/\/zerintia.com\/?s={search_term_string}"},"query-input":{"@type":"PropertyValueSpecification","valueRequired":true,"valueName":"search_term_string"}}],"inLanguage":"en-US"},{"@type":"Organization","@id":"https:\/\/zerintia.com\/#organization","name":"Zerintia Technologies","url":"https:\/\/zerintia.com\/","logo":{"@type":"ImageObject","inLanguage":"en-US","@id":"https:\/\/zerintia.com\/#\/schema\/logo\/image\/","url":"https:\/\/zerintia.com\/wp-content\/uploads\/2023\/10\/favicon-zerintia.png","contentUrl":"https:\/\/zerintia.com\/wp-content\/uploads\/2023\/10\/favicon-zerintia.png","width":512,"height":512,"caption":"Zerintia Technologies"},"image":{"@id":"https:\/\/zerintia.com\/#\/schema\/logo\/image\/"},"sameAs":["https:\/\/x.com\/zerintiatech","https:\/\/www.linkedin.com\/company\/zerintia-technologies\/","https:\/\/www.youtube.com\/zerintia"]}]}},"brizy_media":[],"_links":{"self":[{"href":"https:\/\/zerintia.com\/en\/wp-json\/wp\/v2\/pages\/36631","targetHints":{"allow":["GET"]}}],"collection":[{"href":"https:\/\/zerintia.com\/en\/wp-json\/wp\/v2\/pages"}],"about":[{"href":"https:\/\/zerintia.com\/en\/wp-json\/wp\/v2\/types\/page"}],"author":[{"embeddable":true,"href":"https:\/\/zerintia.com\/en\/wp-json\/wp\/v2\/users\/1"}],"replies":[{"embeddable":true,"href":"https:\/\/zerintia.com\/en\/wp-json\/wp\/v2\/comments?post=36631"}],"version-history":[{"count":1,"href":"https:\/\/zerintia.com\/en\/wp-json\/wp\/v2\/pages\/36631\/revisions"}],"predecessor-version":[{"id":36632,"href":"https:\/\/zerintia.com\/en\/wp-json\/wp\/v2\/pages\/36631\/revisions\/36632"}],"wp:attachment":[{"href":"https:\/\/zerintia.com\/en\/wp-json\/wp\/v2\/media?parent=36631"}],"curies":[{"name":"wp","href":"https:\/\/api.w.org\/{rel}","templated":true}]}}